{"id":2418,"date":"2025-08-04T18:56:23","date_gmt":"2025-08-04T16:56:23","guid":{"rendered":"https:\/\/akgroup.be\/a-propos\/"},"modified":"2025-08-08T14:15:30","modified_gmt":"2025-08-08T12:15:30","slug":"a-propos","status":"publish","type":"page","link":"https:\/\/akgroup.be\/fr\/a-propos\/","title":{"rendered":"\u00c0 propos"},"content":{"rendered":"\t\t<div data-elementor-type=\"wp-page\" data-elementor-id=\"2418\" class=\"elementor elementor-2418 elementor-265\" data-elementor-post-type=\"page\">\n\t\t\t\t<div class=\"elementor-element elementor-element-0088a43 e-con-full e-flex e-con e-parent\" data-id=\"0088a43\" data-element_type=\"container\" data-settings=\"{&quot;background_background&quot;:&quot;classic&quot;}\">\n\t\t<div class=\"elementor-element elementor-element-4069268 e-con-full e-flex e-con e-child\" data-id=\"4069268\" data-element_type=\"container\">\n\t\t\t\t<div class=\"elementor-element elementor-element-0f7afc9 elementor-hidden-mobile elementor-widget-divider--view-line elementor-widget elementor-widget-divider\" data-id=\"0f7afc9\" data-element_type=\"widget\" data-widget_type=\"divider.default\">\n\t\t\t\t<div class=\"elementor-widget-container\">\n\t\t\t\t\t\t\t<div class=\"elementor-divider\">\n\t\t\t<span class=\"elementor-divider-separator\">\n\t\t\t\t\t\t<\/span>\n\t\t<\/div>\n\t\t\t\t\t\t<\/div>\n\t\t\t\t<\/div>\n\t\t\t\t<div class=\"elementor-element elementor-element-93d8c7b elementor-widget elementor-widget-heading\" data-id=\"93d8c7b\" data-element_type=\"widget\" data-widget_type=\"heading.default\">\n\t\t\t\t<div class=\"elementor-widget-container\">\n\t\t\t\t\t<h2 class=\"elementor-heading-title elementor-size-default\">Que fait ak group ?\n<\/h2>\t\t\t\t<\/div>\n\t\t\t\t<\/div>\n\t\t\t\t<div class=\"elementor-element elementor-element-10649d1 elementor-hidden-mobile elementor-widget-divider--view-line elementor-widget elementor-widget-divider\" data-id=\"10649d1\" data-element_type=\"widget\" data-widget_type=\"divider.default\">\n\t\t\t\t<div class=\"elementor-widget-container\">\n\t\t\t\t\t\t\t<div class=\"elementor-divider\">\n\t\t\t<span class=\"elementor-divider-separator\">\n\t\t\t\t\t\t<\/span>\n\t\t<\/div>\n\t\t\t\t\t\t<\/div>\n\t\t\t\t<\/div>\n\t\t\t\t<\/div>\n\t\t<div class=\"elementor-element elementor-element-994fc43 e-con-full e-flex e-con e-child\" data-id=\"994fc43\" data-element_type=\"container\">\n\t\t\t\t<div class=\"elementor-element elementor-element-71c075f elementor-widget elementor-widget-heading\" data-id=\"71c075f\" data-element_type=\"widget\" data-widget_type=\"heading.default\">\n\t\t\t\t<div class=\"elementor-widget-container\">\n\t\t\t\t\t<h2 class=\"elementor-heading-title elementor-size-default\">D\u00e9couvrez l'histoire de notre entreprise et voyez ce que ak group peut faire.\n\n\n\n\n<\/h2>\t\t\t\t<\/div>\n\t\t\t\t<\/div>\n\t\t\t\t<\/div>\n\t\t\t\t<\/div>\n\t\t<div class=\"elementor-element elementor-element-5869e3d e-flex e-con-boxed e-con e-parent\" data-id=\"5869e3d\" data-element_type=\"container\" data-settings=\"{&quot;background_background&quot;:&quot;classic&quot;}\">\n\t\t\t\t\t<div class=\"e-con-inner\">\n\t\t<div class=\"elementor-element elementor-element-7fe248a e-flex e-con-boxed e-con e-child\" data-id=\"7fe248a\" data-element_type=\"container\" data-settings=\"{&quot;background_background&quot;:&quot;classic&quot;}\">\n\t\t\t\t\t<div class=\"e-con-inner\">\n\t\t<div class=\"elementor-element elementor-element-b86cd85 e-con-full e-flex e-con e-child\" data-id=\"b86cd85\" data-element_type=\"container\">\n\t\t<div class=\"elementor-element elementor-element-f93d86a e-con-full e-flex e-con e-child\" data-id=\"f93d86a\" data-element_type=\"container\">\n\t\t\t\t<div class=\"elementor-element elementor-element-04ecf31 elementor-widget elementor-widget-heading\" data-id=\"04ecf31\" data-element_type=\"widget\" data-widget_type=\"heading.default\">\n\t\t\t\t<div class=\"elementor-widget-container\">\n\t\t\t\t\t<h2 class=\"elementor-heading-title elementor-size-default\">Cr\u00e9ation d'ak group en 2018\n<\/h2>\t\t\t\t<\/div>\n\t\t\t\t<\/div>\n\t\t\t\t<div class=\"elementor-element elementor-element-fe89c5d elementor-widget elementor-widget-text-editor\" data-id=\"fe89c5d\" data-element_type=\"widget\" data-widget_type=\"text-editor.default\">\n\t\t\t\t<div class=\"elementor-widget-container\">\n\t\t\t\t\t\t\t\t\t<p>AK Group a \u00e9t\u00e9 fond\u00e9 en 2018, d\u00e9butant avec un seul ing\u00e9nieur \u00e9lectricien sp\u00e9cialis\u00e9 dans les services haut de gamme. Depuis, nous avons continu\u00e9 \u00e0 cro\u00eetre et \u00e0 exceller dans la fourniture de solutions \u00e9lectriques exceptionnelles. <\/p><p> <\/p>\t\t\t\t\t\t\t\t<\/div>\n\t\t\t\t<\/div>\n\t\t\t\t<\/div>\n\t\t\t\t<\/div>\n\t\t<div class=\"elementor-element elementor-element-0808b69 e-con-full e-flex e-con e-child\" data-id=\"0808b69\" data-element_type=\"container\">\n\t\t<div class=\"elementor-element elementor-element-7fc5152 e-con-full e-flex e-con e-child\" data-id=\"7fc5152\" data-element_type=\"container\">\n\t\t\t\t<div class=\"elementor-element elementor-element-75ac79d elementor-widget elementor-widget-heading\" data-id=\"75ac79d\" data-element_type=\"widget\" data-widget_type=\"heading.default\">\n\t\t\t\t<div class=\"elementor-widget-container\">\n\t\t\t\t\t<h2 class=\"elementor-heading-title elementor-size-default\">\u00c0 propos de nous<\/h2>\t\t\t\t<\/div>\n\t\t\t\t<\/div>\n\t\t\t\t<div class=\"elementor-element elementor-element-6fc0a6c elementor-widget elementor-widget-text-editor\" data-id=\"6fc0a6c\" data-element_type=\"widget\" data-widget_type=\"text-editor.default\">\n\t\t\t\t<div class=\"elementor-widget-container\">\n\t\t\t\t\t\t\t\t\t<p>Bienvenue chez AK Group, votre partenaire de confiance en solutions \u00e9lectriques durables et innovantes. Forts de plusieurs ann\u00e9es d&rsquo;exp\u00e9rience dans l&rsquo;industrie, nous fournissons des services r\u00e9sidentiels et industriels ax\u00e9s sur la r\u00e9duction de votre empreinte \u00e9cologique et l&rsquo;optimisation de votre consommation d&rsquo;\u00e9nergie. <\/p><p>Chez AK Group, nous croyons que l&rsquo;\u00e9lectricit\u00e9 est plus qu&rsquo;une simple \u00e9nergie ; c&rsquo;est le moteur du progr\u00e8s, du confort et de la durabilit\u00e9. Nos \u00e9quipes d&rsquo;experts se consacrent au d\u00e9veloppement de solutions personnalis\u00e9es adapt\u00e9es \u00e0 vos besoins sp\u00e9cifiques, qu&rsquo;il s&rsquo;agisse d&rsquo;installer des panneaux solaires, de moderniser des syst\u00e8mes \u00e9lectriques ou de mettre en \u0153uvre des technologies \u00e9nerg\u00e9tiques intelligentes. <\/p><p>Nous sommes fiers de notre engagement envers la qualit\u00e9 et la satisfaction du client. En collaborant \u00e9troitement avec nos clients, nous veillons \u00e0 ce que chaque solution soit non seulement efficace et fiable, mais contribue \u00e9galement \u00e0 un avenir plus vert. La durabilit\u00e9 est au c\u0153ur de tout ce que nous faisons, et nous nous effor\u00e7ons d&rsquo;avoir un impact positif tant sur nos clients que sur l&rsquo;environnement.  <\/p><p>Choisissez AK Group et faites un pas vers un avenir durable et conscient de l&rsquo;\u00e9nergie. Ensemble, nous pouvons construire un monde meilleur ! <\/p><p>Contactez-nous d\u00e8s aujourd&rsquo;hui pour plus d&rsquo;informations sur nos services et sur la fa\u00e7on dont nous pouvons vous aider.<\/p><p>Nous nous effor\u00e7ons de :<\/p><p><strong>Innover<\/strong> : Rechercher et mettre en \u0153uvre continuellement des technologies de pointe qui am\u00e9liorent l&rsquo;efficacit\u00e9 \u00e9nerg\u00e9tique et la durabilit\u00e9.<\/p><p><strong>\u00c9duquer<\/strong> : Informer et engager nos clients sur les avantages des \u00e9nergies renouvelables et de la gestion intelligente de l&rsquo;\u00e9nergie.<\/p><p><strong>Collaborer<\/strong> : Travailler en \u00e9troite collaboration avec nos clients pour comprendre leurs besoins uniques et fournir des solutions sur mesure qui d\u00e9passent leurs attentes.<\/p><p><strong>Soutenir<\/strong> : S&rsquo;engager dans des pratiques qui minimisent notre empreinte \u00e9cologique et favorisent une plan\u00e8te plus saine pour les g\u00e9n\u00e9rations futures.<\/p>\t\t\t\t\t\t\t\t<\/div>\n\t\t\t\t<\/div>\n\t\t\t\t<\/div>\n\t\t\t\t<\/div>\n\t\t\t\t\t<\/div>\n\t\t\t\t<\/div>\n\t\t\t\t\t<\/div>\n\t\t\t\t<\/div>\n\t\t\t\t<\/div>\n\t\t","protected":false},"excerpt":{"rendered":"<p>Que fait ak group ? D\u00e9couvrez l&rsquo;histoire de notre entreprise et voyez ce que ak group peut faire. Cr\u00e9ation d&rsquo;ak [&hellip;]<\/p>\n","protected":false},"author":1,"featured_media":2355,"parent":0,"menu_order":0,"comment_status":"closed","ping_status":"closed","template":"","meta":{"om_disable_all_campaigns":false,"inline_featured_image":false,"_uag_custom_page_level_css":"","_monsterinsights_skip_tracking":false,"_monsterinsights_sitenote_active":false,"_monsterinsights_sitenote_note":"","_monsterinsights_sitenote_category":0,"site-sidebar-layout":"no-sidebar","site-content-layout":"","ast-site-content-layout":"full-width-container","site-content-style":"default","site-sidebar-style":"default","ast-global-header-display":"","ast-banner-title-visibility":"","ast-main-header-display":"","ast-hfb-above-header-display":"","ast-hfb-below-header-display":"","ast-hfb-mobile-header-display":"","site-post-title":"disabled","ast-breadcrumbs-content":"","ast-featured-img":"disabled","footer-sml-layout":"","theme-transparent-header-meta":"","adv-header-id-meta":"","stick-header-meta":"","header-above-stick-meta":"","header-main-stick-meta":"","header-below-stick-meta":"","astra-migrate-meta-layouts":"default","ast-page-background-enabled":"default","ast-page-background-meta":{"desktop":{"background-color":"var(--ast-global-color-4)","background-image":"","background-repeat":"repeat","background-position":"center center","background-size":"auto","background-attachment":"scroll","background-type":"","background-media":"","overlay-type":"","overlay-color":"","overlay-opacity":"","overlay-gradient":""},"tablet":{"background-color":"","background-image":"","background-repeat":"repeat","background-position":"center center","background-size":"auto","background-attachment":"scroll","background-type":"","background-media":"","overlay-type":"","overlay-color":"","overlay-opacity":"","overlay-gradient":""},"mobile":{"background-color":"","background-image":"","background-repeat":"repeat","background-position":"center center","background-size":"auto","background-attachment":"scroll","background-type":"","background-media":"","overlay-type":"","overlay-color":"","overlay-opacity":"","overlay-gradient":""}},"ast-content-background-meta":{"desktop":{"background-color":"var(--ast-global-color-5)","background-image":"","background-repeat":"repeat","background-position":"center center","background-size":"auto","background-attachment":"scroll","background-type":"","background-media":"","overlay-type":"","overlay-color":"","overlay-opacity":"","overlay-gradient":""},"tablet":{"background-color":"var(--ast-global-color-5)","background-image":"","background-repeat":"repeat","background-position":"center center","background-size":"auto","background-attachment":"scroll","background-type":"","background-media":"","overlay-type":"","overlay-color":"","overlay-opacity":"","overlay-gradient":""},"mobile":{"background-color":"var(--ast-global-color-5)","background-image":"","background-repeat":"repeat","background-position":"center center","background-size":"auto","background-attachment":"scroll","background-type":"","background-media":"","overlay-type":"","overlay-color":"","overlay-opacity":"","overlay-gradient":""}},"footnotes":""},"class_list":["post-2418","page","type-page","status-publish","has-post-thumbnail","hentry"],"yoast_head":"<!-- This site is optimized with the Yoast SEO Premium plugin v25.6 (Yoast SEO v25.6) - https:\/\/yoast.com\/wordpress\/plugins\/seo\/ -->\n<title>\u00c0 propos de nous : votre partenaire en solutions \u00e9lectriques - AK ENERGY<\/title>\n<meta name=\"description\" content=\"En savoir plus sur nous chez AK Group, votre partenaire pour des solutions \u00e9lectriques innovantes et des pratiques \u00e9nerg\u00e9tiques durables.\" \/>\n<meta name=\"robots\" content=\"index, follow, max-snippet:-1, max-image-preview:large, max-video-preview:-1\" \/>\n<link rel=\"canonical\" href=\"https:\/\/akgroup.be\/fr\/a-propos\/\" \/>\n<meta property=\"og:locale\" content=\"fr_FR\" \/>\n<meta property=\"og:type\" content=\"article\" \/>\n<meta property=\"og:title\" content=\"\u00c0 propos de nous : innovateurs en solutions \u00e9lectriques\" \/>\n<meta property=\"og:description\" content=\"En savoir plus sur nous chez AK Group, o\u00f9 nous fournissons des solutions \u00e9lectriques innovantes pour un avenir durable.\" \/>\n<meta property=\"og:url\" content=\"https:\/\/akgroup.be\/fr\/a-propos\/\" \/>\n<meta property=\"og:site_name\" content=\"AK ENERGY\" \/>\n<meta property=\"article:publisher\" content=\"https:\/\/www.facebook.com\/people\/AK-GROUP\/61564480980606\/\" \/>\n<meta property=\"article:modified_time\" content=\"2025-08-08T12:15:30+00:00\" \/>\n<meta property=\"og:image\" content=\"https:\/\/akgroup.be\/wp-content\/uploads\/2025\/04\/AdobeStock_555108297-1024x659.jpeg\" \/>\n<meta name=\"twitter:card\" content=\"summary_large_image\" \/>\n<meta name=\"twitter:title\" content=\"\u00c0 propos\" \/>\n<meta name=\"twitter:label1\" content=\"Dur\u00e9e de lecture estim\u00e9e\" \/>\n\t<meta name=\"twitter:data1\" content=\"2 minutes\" \/>\n<script type=\"application\/ld+json\" class=\"yoast-schema-graph\">{\"@context\":\"https:\/\/schema.org\",\"@graph\":[{\"@type\":\"WebPage\",\"@id\":\"https:\/\/akgroup.be\/fr\/a-propos\/\",\"url\":\"https:\/\/akgroup.be\/fr\/a-propos\/\",\"name\":\"\u00c0 propos de nous : votre partenaire en solutions \u00e9lectriques - AK ENERGY\",\"isPartOf\":{\"@id\":\"https:\/\/akgroup.be\/fr\/#website\"},\"primaryImageOfPage\":{\"@id\":\"https:\/\/akgroup.be\/fr\/a-propos\/#primaryimage\"},\"image\":{\"@id\":\"https:\/\/akgroup.be\/fr\/a-propos\/#primaryimage\"},\"thumbnailUrl\":\"https:\/\/akgroup.be\/wp-content\/uploads\/2024\/10\/aboutpageakgroup.png\",\"datePublished\":\"2025-08-04T16:56:23+00:00\",\"dateModified\":\"2025-08-08T12:15:30+00:00\",\"description\":\"En savoir plus sur nous chez AK Group, votre partenaire pour des solutions \u00e9lectriques innovantes et des pratiques \u00e9nerg\u00e9tiques durables.\",\"breadcrumb\":{\"@id\":\"https:\/\/akgroup.be\/fr\/a-propos\/#breadcrumb\"},\"inLanguage\":\"fr-FR\",\"potentialAction\":[{\"@type\":\"ReadAction\",\"target\":[\"https:\/\/akgroup.be\/fr\/a-propos\/\"]}]},{\"@type\":\"ImageObject\",\"inLanguage\":\"fr-FR\",\"@id\":\"https:\/\/akgroup.be\/fr\/a-propos\/#primaryimage\",\"url\":\"https:\/\/akgroup.be\/wp-content\/uploads\/2024\/10\/aboutpageakgroup.png\",\"contentUrl\":\"https:\/\/akgroup.be\/wp-content\/uploads\/2024\/10\/aboutpageakgroup.png\",\"width\":1917,\"height\":873},{\"@type\":\"BreadcrumbList\",\"@id\":\"https:\/\/akgroup.be\/fr\/a-propos\/#breadcrumb\",\"itemListElement\":[{\"@type\":\"ListItem\",\"position\":1,\"name\":\"Home\",\"item\":\"https:\/\/akgroup.be\/fr\/\"},{\"@type\":\"ListItem\",\"position\":2,\"name\":\"\u00c0 propos\"}]},{\"@type\":\"WebSite\",\"@id\":\"https:\/\/akgroup.be\/fr\/#website\",\"url\":\"https:\/\/akgroup.be\/fr\/\",\"name\":\"AK group\",\"description\":\"Innovative electrical systems\",\"publisher\":{\"@id\":\"https:\/\/akgroup.be\/fr\/#organization\"},\"potentialAction\":[{\"@type\":\"SearchAction\",\"target\":{\"@type\":\"EntryPoint\",\"urlTemplate\":\"https:\/\/akgroup.be\/fr\/?s={search_term_string}\"},\"query-input\":{\"@type\":\"PropertyValueSpecification\",\"valueRequired\":true,\"valueName\":\"search_term_string\"}}],\"inLanguage\":\"fr-FR\"},{\"@type\":\"Organization\",\"@id\":\"https:\/\/akgroup.be\/fr\/#organization\",\"name\":\"AK group\",\"url\":\"https:\/\/akgroup.be\/fr\/\",\"logo\":{\"@type\":\"ImageObject\",\"inLanguage\":\"fr-FR\",\"@id\":\"https:\/\/akgroup.be\/fr\/#\/schema\/logo\/image\/\",\"url\":\"https:\/\/akgroup.be\/wp-content\/uploads\/2024\/09\/Logo-ak-energy-2025.png\",\"contentUrl\":\"https:\/\/akgroup.be\/wp-content\/uploads\/2024\/09\/Logo-ak-energy-2025.png\",\"width\":500,\"height\":500,\"caption\":\"AK group\"},\"image\":{\"@id\":\"https:\/\/akgroup.be\/fr\/#\/schema\/logo\/image\/\"},\"sameAs\":[\"https:\/\/www.facebook.com\/people\/AK-GROUP\/61564480980606\/\",\"https:\/\/www.instagram.com\/infoakgroup\/?igsh=bG51czJ3a29wcGM4#\"]}]}<\/script>\n<!-- \/ Yoast SEO Premium plugin. -->","yoast_head_json":{"title":"\u00c0 propos de nous : votre partenaire en solutions \u00e9lectriques - AK ENERGY","description":"En savoir plus sur nous chez AK Group, votre partenaire pour des solutions \u00e9lectriques innovantes et des pratiques \u00e9nerg\u00e9tiques durables.","robots":{"index":"index","follow":"follow","max-snippet":"max-snippet:-1","max-image-preview":"max-image-preview:large","max-video-preview":"max-video-preview:-1"},"canonical":"https:\/\/akgroup.be\/fr\/a-propos\/","og_locale":"fr_FR","og_type":"article","og_title":"\u00c0 propos de nous : innovateurs en solutions \u00e9lectriques","og_description":"En savoir plus sur nous chez AK Group, o\u00f9 nous fournissons des solutions \u00e9lectriques innovantes pour un avenir durable.","og_url":"https:\/\/akgroup.be\/fr\/a-propos\/","og_site_name":"AK ENERGY","article_publisher":"https:\/\/www.facebook.com\/people\/AK-GROUP\/61564480980606\/","article_modified_time":"2025-08-08T12:15:30+00:00","og_image":[{"url":"https:\/\/akgroup.be\/wp-content\/uploads\/2025\/04\/AdobeStock_555108297-1024x659.jpeg","type":"","width":"","height":""}],"twitter_card":"summary_large_image","twitter_title":"\u00c0 propos","twitter_misc":{"Dur\u00e9e de lecture estim\u00e9e":"2 minutes"},"schema":{"@context":"https:\/\/schema.org","@graph":[{"@type":"WebPage","@id":"https:\/\/akgroup.be\/fr\/a-propos\/","url":"https:\/\/akgroup.be\/fr\/a-propos\/","name":"\u00c0 propos de nous : votre partenaire en solutions \u00e9lectriques - AK ENERGY","isPartOf":{"@id":"https:\/\/akgroup.be\/fr\/#website"},"primaryImageOfPage":{"@id":"https:\/\/akgroup.be\/fr\/a-propos\/#primaryimage"},"image":{"@id":"https:\/\/akgroup.be\/fr\/a-propos\/#primaryimage"},"thumbnailUrl":"https:\/\/akgroup.be\/wp-content\/uploads\/2024\/10\/aboutpageakgroup.png","datePublished":"2025-08-04T16:56:23+00:00","dateModified":"2025-08-08T12:15:30+00:00","description":"En savoir plus sur nous chez AK Group, votre partenaire pour des solutions \u00e9lectriques innovantes et des pratiques \u00e9nerg\u00e9tiques durables.","breadcrumb":{"@id":"https:\/\/akgroup.be\/fr\/a-propos\/#breadcrumb"},"inLanguage":"fr-FR","potentialAction":[{"@type":"ReadAction","target":["https:\/\/akgroup.be\/fr\/a-propos\/"]}]},{"@type":"ImageObject","inLanguage":"fr-FR","@id":"https:\/\/akgroup.be\/fr\/a-propos\/#primaryimage","url":"https:\/\/akgroup.be\/wp-content\/uploads\/2024\/10\/aboutpageakgroup.png","contentUrl":"https:\/\/akgroup.be\/wp-content\/uploads\/2024\/10\/aboutpageakgroup.png","width":1917,"height":873},{"@type":"BreadcrumbList","@id":"https:\/\/akgroup.be\/fr\/a-propos\/#breadcrumb","itemListElement":[{"@type":"ListItem","position":1,"name":"Home","item":"https:\/\/akgroup.be\/fr\/"},{"@type":"ListItem","position":2,"name":"\u00c0 propos"}]},{"@type":"WebSite","@id":"https:\/\/akgroup.be\/fr\/#website","url":"https:\/\/akgroup.be\/fr\/","name":"AK group","description":"Innovative electrical systems","publisher":{"@id":"https:\/\/akgroup.be\/fr\/#organization"},"potentialAction":[{"@type":"SearchAction","target":{"@type":"EntryPoint","urlTemplate":"https:\/\/akgroup.be\/fr\/?s={search_term_string}"},"query-input":{"@type":"PropertyValueSpecification","valueRequired":true,"valueName":"search_term_string"}}],"inLanguage":"fr-FR"},{"@type":"Organization","@id":"https:\/\/akgroup.be\/fr\/#organization","name":"AK group","url":"https:\/\/akgroup.be\/fr\/","logo":{"@type":"ImageObject","inLanguage":"fr-FR","@id":"https:\/\/akgroup.be\/fr\/#\/schema\/logo\/image\/","url":"https:\/\/akgroup.be\/wp-content\/uploads\/2024\/09\/Logo-ak-energy-2025.png","contentUrl":"https:\/\/akgroup.be\/wp-content\/uploads\/2024\/09\/Logo-ak-energy-2025.png","width":500,"height":500,"caption":"AK group"},"image":{"@id":"https:\/\/akgroup.be\/fr\/#\/schema\/logo\/image\/"},"sameAs":["https:\/\/www.facebook.com\/people\/AK-GROUP\/61564480980606\/","https:\/\/www.instagram.com\/infoakgroup\/?igsh=bG51czJ3a29wcGM4#"]}]}},"uagb_featured_image_src":{"full":["https:\/\/akgroup.be\/wp-content\/uploads\/2024\/10\/aboutpageakgroup.png",1917,873,false],"thumbnail":["https:\/\/akgroup.be\/wp-content\/uploads\/2024\/10\/aboutpageakgroup-150x150.png",150,150,true],"medium":["https:\/\/akgroup.be\/wp-content\/uploads\/2024\/10\/aboutpageakgroup-300x137.png",300,137,true],"medium_large":["https:\/\/akgroup.be\/wp-content\/uploads\/2024\/10\/aboutpageakgroup-768x350.png",768,350,true],"large":["https:\/\/akgroup.be\/wp-content\/uploads\/2024\/10\/aboutpageakgroup-1024x466.png",1024,466,true],"1536x1536":["https:\/\/akgroup.be\/wp-content\/uploads\/2024\/10\/aboutpageakgroup-1536x699.png",1536,699,true],"2048x2048":["https:\/\/akgroup.be\/wp-content\/uploads\/2024\/10\/aboutpageakgroup.png",1917,873,false]},"uagb_author_info":{"display_name":"jousri.ak@gmail.com","author_link":"https:\/\/akgroup.be\/fr\/author\/jousri-akgmail-com\/"},"uagb_comment_info":0,"uagb_excerpt":"Que fait ak group ? D\u00e9couvrez l&rsquo;histoire de notre entreprise et voyez ce que ak group peut faire. Cr\u00e9ation d&rsquo;ak [&hellip;]","_links":{"self":[{"href":"https:\/\/akgroup.be\/fr\/wp-json\/wp\/v2\/pages\/2418","targetHints":{"allow":["GET"]}}],"collection":[{"href":"https:\/\/akgroup.be\/fr\/wp-json\/wp\/v2\/pages"}],"about":[{"href":"https:\/\/akgroup.be\/fr\/wp-json\/wp\/v2\/types\/page"}],"author":[{"embeddable":true,"href":"https:\/\/akgroup.be\/fr\/wp-json\/wp\/v2\/users\/1"}],"replies":[{"embeddable":true,"href":"https:\/\/akgroup.be\/fr\/wp-json\/wp\/v2\/comments?post=2418"}],"version-history":[{"count":3,"href":"https:\/\/akgroup.be\/fr\/wp-json\/wp\/v2\/pages\/2418\/revisions"}],"predecessor-version":[{"id":2421,"href":"https:\/\/akgroup.be\/fr\/wp-json\/wp\/v2\/pages\/2418\/revisions\/2421"}],"wp:featuredmedia":[{"embeddable":true,"href":"https:\/\/akgroup.be\/fr\/wp-json\/wp\/v2\/media\/2355"}],"wp:attachment":[{"href":"https:\/\/akgroup.be\/fr\/wp-json\/wp\/v2\/media?parent=2418"}],"curies":[{"name":"wp","href":"https:\/\/api.w.org\/{rel}","templated":true}]}}