{"id":2438,"date":"2025-08-04T18:56:23","date_gmt":"2025-08-04T16:56:23","guid":{"rendered":"https:\/\/akgroup.be\/installateur-de-batteries\/"},"modified":"2025-08-08T14:16:02","modified_gmt":"2025-08-08T12:16:02","slug":"installateur-de-batteries","status":"publish","type":"page","link":"https:\/\/akgroup.be\/fr\/installateur-de-batteries\/","title":{"rendered":"Installateur de batteries"},"content":{"rendered":"\t\t<div data-elementor-type=\"wp-page\" data-elementor-id=\"2438\" class=\"elementor elementor-2438 elementor-1416\" data-elementor-post-type=\"page\">\n\t\t\t\t<div class=\"elementor-element elementor-element-a70e86c e-con-full e-flex e-con e-parent\" data-id=\"a70e86c\" data-element_type=\"container\" data-settings=\"{&quot;background_background&quot;:&quot;classic&quot;}\">\n\t\t<div class=\"elementor-element elementor-element-1732594 e-con-full e-flex e-con e-child\" data-id=\"1732594\" data-element_type=\"container\">\n\t\t\t\t<div class=\"elementor-element elementor-element-df0302d elementor-hidden-mobile elementor-widget-divider--view-line elementor-widget elementor-widget-divider\" data-id=\"df0302d\" data-element_type=\"widget\" data-widget_type=\"divider.default\">\n\t\t\t\t<div class=\"elementor-widget-container\">\n\t\t\t\t\t\t\t<div class=\"elementor-divider\">\n\t\t\t<span class=\"elementor-divider-separator\">\n\t\t\t\t\t\t<\/span>\n\t\t<\/div>\n\t\t\t\t\t\t<\/div>\n\t\t\t\t<\/div>\n\t\t\t\t<div class=\"elementor-element elementor-element-4d0d5b0 elementor-widget elementor-widget-heading\" data-id=\"4d0d5b0\" data-element_type=\"widget\" data-widget_type=\"heading.default\">\n\t\t\t\t<div class=\"elementor-widget-container\">\n\t\t\t\t\t<h2 class=\"elementor-heading-title elementor-size-default\">installateur de batteries<\/h2>\t\t\t\t<\/div>\n\t\t\t\t<\/div>\n\t\t\t\t<div class=\"elementor-element elementor-element-b46aea4 elementor-hidden-mobile elementor-widget-divider--view-line elementor-widget elementor-widget-divider\" data-id=\"b46aea4\" data-element_type=\"widget\" data-widget_type=\"divider.default\">\n\t\t\t\t<div class=\"elementor-widget-container\">\n\t\t\t\t\t\t\t<div class=\"elementor-divider\">\n\t\t\t<span class=\"elementor-divider-separator\">\n\t\t\t\t\t\t<\/span>\n\t\t<\/div>\n\t\t\t\t\t\t<\/div>\n\t\t\t\t<\/div>\n\t\t\t\t<\/div>\n\t\t<div class=\"elementor-element elementor-element-bc48682 e-con-full e-flex e-con e-child\" data-id=\"bc48682\" data-element_type=\"container\">\n\t\t\t\t<div class=\"elementor-element elementor-element-5fe5caa elementor-widget elementor-widget-heading\" data-id=\"5fe5caa\" data-element_type=\"widget\" data-widget_type=\"heading.default\">\n\t\t\t\t<div class=\"elementor-widget-container\">\n\t\t\t\t\t<h2 class=\"elementor-heading-title elementor-size-default\">Motiv\u00e9, flexible et autonome\n\n\n\n\n\n\n<\/h2>\t\t\t\t<\/div>\n\t\t\t\t<\/div>\n\t\t\t\t<\/div>\n\t\t<div class=\"elementor-element elementor-element-a772b8b e-con-full e-flex e-con e-child\" data-id=\"a772b8b\" data-element_type=\"container\">\n\t\t\t\t<div class=\"elementor-element elementor-element-6461d6e elementor-widget elementor-widget-heading\" data-id=\"6461d6e\" data-element_type=\"widget\" data-widget_type=\"heading.default\">\n\t\t\t\t<div class=\"elementor-widget-container\">\n\t\t\t\t\t<h2 class=\"elementor-heading-title elementor-size-default\">Description du poste\n\n\n\n\n\n<\/h2>\t\t\t\t<\/div>\n\t\t\t\t<\/div>\n\t\t\t\t<\/div>\n\t\t<div class=\"elementor-element elementor-element-abe6829 e-con-full e-flex e-con e-child\" data-id=\"abe6829\" data-element_type=\"container\">\n\t\t<div class=\"elementor-element elementor-element-c6bb420 e-con-full e-flex e-con e-child\" data-id=\"c6bb420\" data-element_type=\"container\" data-settings=\"{&quot;background_background&quot;:&quot;classic&quot;}\">\n\t\t<div class=\"elementor-element elementor-element-3daa5ea e-con-full e-flex e-con e-child\" data-id=\"3daa5ea\" data-element_type=\"container\">\n\t\t\t\t<div class=\"elementor-element elementor-element-002cbff elementor-widget elementor-widget-heading\" data-id=\"002cbff\" data-element_type=\"widget\" data-widget_type=\"heading.default\">\n\t\t\t\t<div class=\"elementor-widget-container\">\n\t\t\t\t\t<h2 class=\"elementor-heading-title elementor-size-default\">Offre d'emploi : installateur de batteries<\/h2>\t\t\t\t<\/div>\n\t\t\t\t<\/div>\n\t\t\t\t<div class=\"elementor-element elementor-element-ab70bb2 elementor-widget elementor-widget-text-editor\" data-id=\"ab70bb2\" data-element_type=\"widget\" data-widget_type=\"text-editor.default\">\n\t\t\t\t<div class=\"elementor-widget-container\">\n\t\t\t\t\t\t\t\t\t<p><strong>\u00c0 propos d&rsquo;AK Group<\/strong><br>Chez AK Group, nous nous engageons \u00e0 fournir des solutions de stockage d&rsquo;\u00e9nergie durables et innovantes pour les clients r\u00e9sidentiels et industriels. Nous croyons en la qualit\u00e9, la satisfaction du client et la cr\u00e9ation d&rsquo;un avenir plus vert. <\/p><p><strong>Description du poste<\/strong><br>Nous recherchons un installateur de batteries domestiques motiv\u00e9 pour rejoindre notre \u00e9quipe. Dans ce r\u00f4le, vous serez responsable de l&rsquo;installation, de l&rsquo;entretien et de la r\u00e9paration des syst\u00e8mes de batteries domestiques. Vous travaillerez \u00e0 la fois de mani\u00e8re ind\u00e9pendante et en \u00e9quipe sur divers projets, en veillant \u00e0 ce que tout le travail respecte les normes de s\u00e9curit\u00e9 et les exigences de qualit\u00e9.  <\/p><p><strong>Principales responsabilit\u00e9s :<\/strong><\/p><ul><li>Installer et connecter des syst\u00e8mes de batteries domestiques dans des environnements r\u00e9sidentiels.<\/li><li>Entretenir et r\u00e9parer les syst\u00e8mes de stockage de batteries existants.<\/li><li>Effectuer des inspections et des certifications.<\/li><li>Fournir un excellent service client et offrir des conseils aux clients.<\/li><li>Collaborer avec les coll\u00e8gues et d&rsquo;autres corps de m\u00e9tier pour mener \u00e0 bien les projets.<\/li><\/ul><p><strong>Exigences :<\/strong><\/p><ul><li>Un dipl\u00f4me en g\u00e9nie \u00e9lectrique ou dans un domaine connexe.<\/li><li>Plusieurs ann\u00e9es d&rsquo;exp\u00e9rience dans l&rsquo;installation de batteries sont un plus.<\/li><li>Connaissance des lois et r\u00e9glementations actuelles concernant le stockage d&rsquo;\u00e9nergie.<\/li><li>Solides comp\u00e9tences en communication et approche orient\u00e9e client.<\/li><li>Un permis de conduire valide.<\/li><\/ul><p><strong>Ce que nous offrons :<\/strong><\/p><ul><li>Un r\u00f4le stimulant dans une entreprise en croissance.<\/li><li>Salaire comp\u00e9titif et bons avantages sociaux.<\/li><li>Opportunit\u00e9s de d\u00e9veloppement personnel et professionnel.<\/li><li>Un environnement de travail coll\u00e9gial au sein d&rsquo;une \u00e9quipe enthousiaste.<\/li><\/ul><p><strong>Int\u00e9ress\u00e9 ?<\/strong><br>\u00cates-vous l&rsquo;installateur de batteries domestiques que nous recherchons ? Veuillez envoyer votre CV et une br\u00e8ve lettre de motivation \u00e0 <a rel=\"noopener\">info@akgroup.be<\/a>. <\/p><p>Rejoignez AK Group et contribuez \u00e0 un avenir durable !<\/p>\t\t\t\t\t\t\t\t<\/div>\n\t\t\t\t<\/div>\n\t\t\t\t<\/div>\n\t\t\t\t<\/div>\n\t\t\t\t<\/div>\n\t\t<div class=\"elementor-element elementor-element-c971e3d e-con-full e-flex e-con e-child\" data-id=\"c971e3d\" data-element_type=\"container\">\n\t\t<div class=\"elementor-element elementor-element-356c12d e-con-full e-flex e-con e-child\" data-id=\"356c12d\" data-element_type=\"container\" data-settings=\"{&quot;background_background&quot;:&quot;classic&quot;}\">\n\t\t\t\t<div class=\"elementor-element elementor-element-f400b0d elementor-align-center elementor-widget elementor-widget-button\" data-id=\"f400b0d\" data-element_type=\"widget\" data-widget_type=\"button.default\">\n\t\t\t\t<div class=\"elementor-widget-container\">\n\t\t\t\t\t\t\t\t\t<div class=\"elementor-button-wrapper\">\n\t\t\t\t\t<a class=\"elementor-button elementor-button-link elementor-size-sm\" href=\"https:\/\/akgroup.be\/apply\/\">\n\t\t\t\t\t\t<span class=\"elementor-button-content-wrapper\">\n\t\t\t\t\t\t<span class=\"elementor-button-icon\">\n\t\t\t\t<svg aria-hidden=\"true\" class=\"e-font-icon-svg e-far-check-circle\" viewBox=\"0 0 512 512\" xmlns=\"http:\/\/www.w3.org\/2000\/svg\"><path d=\"M256 8C119.033 8 8 119.033 8 256s111.033 248 248 248 248-111.033 248-248S392.967 8 256 8zm0 48c110.532 0 200 89.451 200 200 0 110.532-89.451 200-200 200-110.532 0-200-89.451-200-200 0-110.532 89.451-200 200-200m140.204 130.267l-22.536-22.718c-4.667-4.705-12.265-4.736-16.97-.068L215.346 303.697l-59.792-60.277c-4.667-4.705-12.265-4.736-16.97-.069l-22.719 22.536c-4.705 4.667-4.736 12.265-.068 16.971l90.781 91.516c4.667 4.705 12.265 4.736 16.97.068l172.589-171.204c4.704-4.668 4.734-12.266.067-16.971z\"><\/path><\/svg>\t\t\t<\/span>\n\t\t\t\t\t\t\t\t\t<span class=\"elementor-button-text\">OU POSTULEZ ICI<\/span>\n\t\t\t\t\t<\/span>\n\t\t\t\t\t<\/a>\n\t\t\t\t<\/div>\n\t\t\t\t\t\t\t\t<\/div>\n\t\t\t\t<\/div>\n\t\t\t\t<\/div>\n\t\t\t\t<\/div>\n\t\t\t\t<\/div>\n\t\t\t\t<\/div>\n\t\t","protected":false},"excerpt":{"rendered":"<p>installateur de batteries Motiv\u00e9, flexible et autonome Description du poste Offre d&#8217;emploi : installateur de batteries \u00c0 propos d&rsquo;AK GroupChez [&hellip;]<\/p>\n","protected":false},"author":1,"featured_media":2401,"parent":0,"menu_order":0,"comment_status":"closed","ping_status":"closed","template":"","meta":{"om_disable_all_campaigns":false,"inline_featured_image":false,"_uag_custom_page_level_css":"","_monsterinsights_skip_tracking":false,"_monsterinsights_sitenote_active":false,"_monsterinsights_sitenote_note":"","_monsterinsights_sitenote_category":0,"site-sidebar-layout":"no-sidebar","site-content-layout":"","ast-site-content-layout":"full-width-container","site-content-style":"default","site-sidebar-style":"default","ast-global-header-display":"","ast-banner-title-visibility":"","ast-main-header-display":"","ast-hfb-above-header-display":"","ast-hfb-below-header-display":"","ast-hfb-mobile-header-display":"","site-post-title":"disabled","ast-breadcrumbs-content":"","ast-featured-img":"disabled","footer-sml-layout":"","theme-transparent-header-meta":"","adv-header-id-meta":"","stick-header-meta":"","header-above-stick-meta":"","header-main-stick-meta":"","header-below-stick-meta":"","astra-migrate-meta-layouts":"default","ast-page-background-enabled":"default","ast-page-background-meta":{"desktop":{"background-color":"var(--ast-global-color-4)","background-image":"","background-repeat":"repeat","background-position":"center center","background-size":"auto","background-attachment":"scroll","background-type":"","background-media":"","overlay-type":"","overlay-color":"","overlay-opacity":"","overlay-gradient":""},"tablet":{"background-color":"","background-image":"","background-repeat":"repeat","background-position":"center center","background-size":"auto","background-attachment":"scroll","background-type":"","background-media":"","overlay-type":"","overlay-color":"","overlay-opacity":"","overlay-gradient":""},"mobile":{"background-color":"","background-image":"","background-repeat":"repeat","background-position":"center center","background-size":"auto","background-attachment":"scroll","background-type":"","background-media":"","overlay-type":"","overlay-color":"","overlay-opacity":"","overlay-gradient":""}},"ast-content-background-meta":{"desktop":{"background-color":"var(--ast-global-color-5)","background-image":"","background-repeat":"repeat","background-position":"center center","background-size":"auto","background-attachment":"scroll","background-type":"","background-media":"","overlay-type":"","overlay-color":"","overlay-opacity":"","overlay-gradient":""},"tablet":{"background-color":"var(--ast-global-color-5)","background-image":"","background-repeat":"repeat","background-position":"center center","background-size":"auto","background-attachment":"scroll","background-type":"","background-media":"","overlay-type":"","overlay-color":"","overlay-opacity":"","overlay-gradient":""},"mobile":{"background-color":"var(--ast-global-color-5)","background-image":"","background-repeat":"repeat","background-position":"center center","background-size":"auto","background-attachment":"scroll","background-type":"","background-media":"","overlay-type":"","overlay-color":"","overlay-opacity":"","overlay-gradient":""}},"footnotes":""},"class_list":["post-2438","page","type-page","status-publish","has-post-thumbnail","hentry"],"yoast_head":"<!-- This site is optimized with the Yoast SEO Premium plugin v25.6 (Yoast SEO v25.6) - https:\/\/yoast.com\/wordpress\/plugins\/seo\/ -->\n<title>Offre d&#039;emploi : installateur de batteries domestiques chez AK group - AK ENERGY<\/title>\n<meta name=\"description\" content=\"D\u00e9couvrez notre offre d&#039;emploi passionnante pour un installateur de batteries domestiques chez AK Group. Rejoignez-nous pour cr\u00e9er un avenir durable.\" \/>\n<meta name=\"robots\" content=\"index, follow, max-snippet:-1, max-image-preview:large, max-video-preview:-1\" \/>\n<link rel=\"canonical\" href=\"https:\/\/akgroup.be\/fr\/installateur-de-batteries\/\" \/>\n<meta property=\"og:locale\" content=\"fr_FR\" \/>\n<meta property=\"og:type\" content=\"article\" \/>\n<meta property=\"og:title\" content=\"Installateur de batteries\" \/>\n<meta property=\"og:description\" content=\"D\u00e9couvrez notre offre d&#039;emploi passionnante pour un installateur de batteries domestiques chez AK Group. Rejoignez-nous pour cr\u00e9er un avenir durable.\" \/>\n<meta property=\"og:url\" content=\"https:\/\/akgroup.be\/fr\/installateur-de-batteries\/\" \/>\n<meta property=\"og:site_name\" content=\"AK ENERGY\" \/>\n<meta property=\"article:publisher\" content=\"https:\/\/www.facebook.com\/people\/AK-GROUP\/61564480980606\/\" \/>\n<meta property=\"article:modified_time\" content=\"2025-08-08T12:16:02+00:00\" \/>\n<meta property=\"og:image\" content=\"https:\/\/akgroup.be\/wp-content\/uploads\/2025\/08\/battery-installer-job-vacancy-akgroup-bv.png\" \/>\n\t<meta property=\"og:image:width\" content=\"1891\" \/>\n\t<meta property=\"og:image:height\" content=\"862\" \/>\n\t<meta property=\"og:image:type\" content=\"image\/png\" \/>\n<meta name=\"twitter:card\" content=\"summary_large_image\" \/>\n<meta name=\"twitter:label1\" content=\"Dur\u00e9e de lecture estim\u00e9e\" \/>\n\t<meta name=\"twitter:data1\" content=\"2 minutes\" \/>\n<script type=\"application\/ld+json\" class=\"yoast-schema-graph\">{\"@context\":\"https:\/\/schema.org\",\"@graph\":[{\"@type\":\"WebPage\",\"@id\":\"https:\/\/akgroup.be\/fr\/installateur-de-batteries\/\",\"url\":\"https:\/\/akgroup.be\/fr\/installateur-de-batteries\/\",\"name\":\"Offre d'emploi : installateur de batteries domestiques chez AK group - AK ENERGY\",\"isPartOf\":{\"@id\":\"https:\/\/akgroup.be\/fr\/#website\"},\"primaryImageOfPage\":{\"@id\":\"https:\/\/akgroup.be\/fr\/installateur-de-batteries\/#primaryimage\"},\"image\":{\"@id\":\"https:\/\/akgroup.be\/fr\/installateur-de-batteries\/#primaryimage\"},\"thumbnailUrl\":\"https:\/\/akgroup.be\/wp-content\/uploads\/2025\/08\/battery-installer-job-vacancy-akgroup-bv.png\",\"datePublished\":\"2025-08-04T16:56:23+00:00\",\"dateModified\":\"2025-08-08T12:16:02+00:00\",\"description\":\"D\u00e9couvrez notre offre d'emploi passionnante pour un installateur de batteries domestiques chez AK Group. Rejoignez-nous pour cr\u00e9er un avenir durable.\",\"breadcrumb\":{\"@id\":\"https:\/\/akgroup.be\/fr\/installateur-de-batteries\/#breadcrumb\"},\"inLanguage\":\"fr-FR\",\"potentialAction\":[{\"@type\":\"ReadAction\",\"target\":[\"https:\/\/akgroup.be\/fr\/installateur-de-batteries\/\"]}]},{\"@type\":\"ImageObject\",\"inLanguage\":\"fr-FR\",\"@id\":\"https:\/\/akgroup.be\/fr\/installateur-de-batteries\/#primaryimage\",\"url\":\"https:\/\/akgroup.be\/wp-content\/uploads\/2025\/08\/battery-installer-job-vacancy-akgroup-bv.png\",\"contentUrl\":\"https:\/\/akgroup.be\/wp-content\/uploads\/2025\/08\/battery-installer-job-vacancy-akgroup-bv.png\",\"width\":1891,\"height\":862,\"caption\":\"battery installer job vacancy akgroup bv\"},{\"@type\":\"BreadcrumbList\",\"@id\":\"https:\/\/akgroup.be\/fr\/installateur-de-batteries\/#breadcrumb\",\"itemListElement\":[{\"@type\":\"ListItem\",\"position\":1,\"name\":\"Home\",\"item\":\"https:\/\/akgroup.be\/fr\/\"},{\"@type\":\"ListItem\",\"position\":2,\"name\":\"Installateur de batteries\"}]},{\"@type\":\"WebSite\",\"@id\":\"https:\/\/akgroup.be\/fr\/#website\",\"url\":\"https:\/\/akgroup.be\/fr\/\",\"name\":\"AK group\",\"description\":\"Innovative electrical systems\",\"publisher\":{\"@id\":\"https:\/\/akgroup.be\/fr\/#organization\"},\"potentialAction\":[{\"@type\":\"SearchAction\",\"target\":{\"@type\":\"EntryPoint\",\"urlTemplate\":\"https:\/\/akgroup.be\/fr\/?s={search_term_string}\"},\"query-input\":{\"@type\":\"PropertyValueSpecification\",\"valueRequired\":true,\"valueName\":\"search_term_string\"}}],\"inLanguage\":\"fr-FR\"},{\"@type\":\"Organization\",\"@id\":\"https:\/\/akgroup.be\/fr\/#organization\",\"name\":\"AK group\",\"url\":\"https:\/\/akgroup.be\/fr\/\",\"logo\":{\"@type\":\"ImageObject\",\"inLanguage\":\"fr-FR\",\"@id\":\"https:\/\/akgroup.be\/fr\/#\/schema\/logo\/image\/\",\"url\":\"https:\/\/akgroup.be\/wp-content\/uploads\/2024\/09\/Logo-ak-energy-2025.png\",\"contentUrl\":\"https:\/\/akgroup.be\/wp-content\/uploads\/2024\/09\/Logo-ak-energy-2025.png\",\"width\":500,\"height\":500,\"caption\":\"AK group\"},\"image\":{\"@id\":\"https:\/\/akgroup.be\/fr\/#\/schema\/logo\/image\/\"},\"sameAs\":[\"https:\/\/www.facebook.com\/people\/AK-GROUP\/61564480980606\/\",\"https:\/\/www.instagram.com\/infoakgroup\/?igsh=bG51czJ3a29wcGM4#\"]}]}<\/script>\n<!-- \/ Yoast SEO Premium plugin. -->","yoast_head_json":{"title":"Offre d'emploi : installateur de batteries domestiques chez AK group - AK ENERGY","description":"D\u00e9couvrez notre offre d'emploi passionnante pour un installateur de batteries domestiques chez AK Group. Rejoignez-nous pour cr\u00e9er un avenir durable.","robots":{"index":"index","follow":"follow","max-snippet":"max-snippet:-1","max-image-preview":"max-image-preview:large","max-video-preview":"max-video-preview:-1"},"canonical":"https:\/\/akgroup.be\/fr\/installateur-de-batteries\/","og_locale":"fr_FR","og_type":"article","og_title":"Installateur de batteries","og_description":"D\u00e9couvrez notre offre d'emploi passionnante pour un installateur de batteries domestiques chez AK Group. Rejoignez-nous pour cr\u00e9er un avenir durable.","og_url":"https:\/\/akgroup.be\/fr\/installateur-de-batteries\/","og_site_name":"AK ENERGY","article_publisher":"https:\/\/www.facebook.com\/people\/AK-GROUP\/61564480980606\/","article_modified_time":"2025-08-08T12:16:02+00:00","og_image":[{"width":1891,"height":862,"url":"https:\/\/akgroup.be\/wp-content\/uploads\/2025\/08\/battery-installer-job-vacancy-akgroup-bv.png","type":"image\/png"}],"twitter_card":"summary_large_image","twitter_misc":{"Dur\u00e9e de lecture estim\u00e9e":"2 minutes"},"schema":{"@context":"https:\/\/schema.org","@graph":[{"@type":"WebPage","@id":"https:\/\/akgroup.be\/fr\/installateur-de-batteries\/","url":"https:\/\/akgroup.be\/fr\/installateur-de-batteries\/","name":"Offre d'emploi : installateur de batteries domestiques chez AK group - AK ENERGY","isPartOf":{"@id":"https:\/\/akgroup.be\/fr\/#website"},"primaryImageOfPage":{"@id":"https:\/\/akgroup.be\/fr\/installateur-de-batteries\/#primaryimage"},"image":{"@id":"https:\/\/akgroup.be\/fr\/installateur-de-batteries\/#primaryimage"},"thumbnailUrl":"https:\/\/akgroup.be\/wp-content\/uploads\/2025\/08\/battery-installer-job-vacancy-akgroup-bv.png","datePublished":"2025-08-04T16:56:23+00:00","dateModified":"2025-08-08T12:16:02+00:00","description":"D\u00e9couvrez notre offre d'emploi passionnante pour un installateur de batteries domestiques chez AK Group. Rejoignez-nous pour cr\u00e9er un avenir durable.","breadcrumb":{"@id":"https:\/\/akgroup.be\/fr\/installateur-de-batteries\/#breadcrumb"},"inLanguage":"fr-FR","potentialAction":[{"@type":"ReadAction","target":["https:\/\/akgroup.be\/fr\/installateur-de-batteries\/"]}]},{"@type":"ImageObject","inLanguage":"fr-FR","@id":"https:\/\/akgroup.be\/fr\/installateur-de-batteries\/#primaryimage","url":"https:\/\/akgroup.be\/wp-content\/uploads\/2025\/08\/battery-installer-job-vacancy-akgroup-bv.png","contentUrl":"https:\/\/akgroup.be\/wp-content\/uploads\/2025\/08\/battery-installer-job-vacancy-akgroup-bv.png","width":1891,"height":862,"caption":"battery installer job vacancy akgroup bv"},{"@type":"BreadcrumbList","@id":"https:\/\/akgroup.be\/fr\/installateur-de-batteries\/#breadcrumb","itemListElement":[{"@type":"ListItem","position":1,"name":"Home","item":"https:\/\/akgroup.be\/fr\/"},{"@type":"ListItem","position":2,"name":"Installateur de batteries"}]},{"@type":"WebSite","@id":"https:\/\/akgroup.be\/fr\/#website","url":"https:\/\/akgroup.be\/fr\/","name":"AK group","description":"Innovative electrical systems","publisher":{"@id":"https:\/\/akgroup.be\/fr\/#organization"},"potentialAction":[{"@type":"SearchAction","target":{"@type":"EntryPoint","urlTemplate":"https:\/\/akgroup.be\/fr\/?s={search_term_string}"},"query-input":{"@type":"PropertyValueSpecification","valueRequired":true,"valueName":"search_term_string"}}],"inLanguage":"fr-FR"},{"@type":"Organization","@id":"https:\/\/akgroup.be\/fr\/#organization","name":"AK group","url":"https:\/\/akgroup.be\/fr\/","logo":{"@type":"ImageObject","inLanguage":"fr-FR","@id":"https:\/\/akgroup.be\/fr\/#\/schema\/logo\/image\/","url":"https:\/\/akgroup.be\/wp-content\/uploads\/2024\/09\/Logo-ak-energy-2025.png","contentUrl":"https:\/\/akgroup.be\/wp-content\/uploads\/2024\/09\/Logo-ak-energy-2025.png","width":500,"height":500,"caption":"AK group"},"image":{"@id":"https:\/\/akgroup.be\/fr\/#\/schema\/logo\/image\/"},"sameAs":["https:\/\/www.facebook.com\/people\/AK-GROUP\/61564480980606\/","https:\/\/www.instagram.com\/infoakgroup\/?igsh=bG51czJ3a29wcGM4#"]}]}},"uagb_featured_image_src":{"full":["https:\/\/akgroup.be\/wp-content\/uploads\/2025\/08\/battery-installer-job-vacancy-akgroup-bv.png",1891,862,false],"thumbnail":["https:\/\/akgroup.be\/wp-content\/uploads\/2025\/08\/battery-installer-job-vacancy-akgroup-bv-150x150.png",150,150,true],"medium":["https:\/\/akgroup.be\/wp-content\/uploads\/2025\/08\/battery-installer-job-vacancy-akgroup-bv-300x137.png",300,137,true],"medium_large":["https:\/\/akgroup.be\/wp-content\/uploads\/2025\/08\/battery-installer-job-vacancy-akgroup-bv-768x350.png",768,350,true],"large":["https:\/\/akgroup.be\/wp-content\/uploads\/2025\/08\/battery-installer-job-vacancy-akgroup-bv-1024x467.png",1024,467,true],"1536x1536":["https:\/\/akgroup.be\/wp-content\/uploads\/2025\/08\/battery-installer-job-vacancy-akgroup-bv-1536x700.png",1536,700,true],"2048x2048":["https:\/\/akgroup.be\/wp-content\/uploads\/2025\/08\/battery-installer-job-vacancy-akgroup-bv.png",1891,862,false]},"uagb_author_info":{"display_name":"jousri.ak@gmail.com","author_link":"https:\/\/akgroup.be\/fr\/author\/jousri-akgmail-com\/"},"uagb_comment_info":0,"uagb_excerpt":"installateur de batteries Motiv\u00e9, flexible et autonome Description du poste Offre d&#8217;emploi : installateur de batteries \u00c0 propos d&rsquo;AK GroupChez [&hellip;]","_links":{"self":[{"href":"https:\/\/akgroup.be\/fr\/wp-json\/wp\/v2\/pages\/2438","targetHints":{"allow":["GET"]}}],"collection":[{"href":"https:\/\/akgroup.be\/fr\/wp-json\/wp\/v2\/pages"}],"about":[{"href":"https:\/\/akgroup.be\/fr\/wp-json\/wp\/v2\/types\/page"}],"author":[{"embeddable":true,"href":"https:\/\/akgroup.be\/fr\/wp-json\/wp\/v2\/users\/1"}],"replies":[{"embeddable":true,"href":"https:\/\/akgroup.be\/fr\/wp-json\/wp\/v2\/comments?post=2438"}],"version-history":[{"count":1,"href":"https:\/\/akgroup.be\/fr\/wp-json\/wp\/v2\/pages\/2438\/revisions"}],"predecessor-version":[{"id":2439,"href":"https:\/\/akgroup.be\/fr\/wp-json\/wp\/v2\/pages\/2438\/revisions\/2439"}],"wp:featuredmedia":[{"embeddable":true,"href":"https:\/\/akgroup.be\/fr\/wp-json\/wp\/v2\/media\/2401"}],"wp:attachment":[{"href":"https:\/\/akgroup.be\/fr\/wp-json\/wp\/v2\/media?parent=2438"}],"curies":[{"name":"wp","href":"https:\/\/api.w.org\/{rel}","templated":true}]}}