{"id":2444,"date":"2025-08-04T18:56:23","date_gmt":"2025-08-04T16:56:23","guid":{"rendered":"https:\/\/akgroup.be\/emplois\/"},"modified":"2025-08-08T14:18:07","modified_gmt":"2025-08-08T12:18:07","slug":"emplois","status":"publish","type":"page","link":"https:\/\/akgroup.be\/fr\/emplois\/","title":{"rendered":"Emplois"},"content":{"rendered":"\t\t<div data-elementor-type=\"wp-page\" data-elementor-id=\"2444\" class=\"elementor elementor-2444 elementor-485\" data-elementor-post-type=\"page\">\n\t\t\t\t<div class=\"elementor-element elementor-element-48d094b e-con-full e-flex e-con e-parent\" data-id=\"48d094b\" data-element_type=\"container\" data-settings=\"{&quot;background_background&quot;:&quot;classic&quot;}\">\n\t\t<div class=\"elementor-element elementor-element-5f87789 e-con-full e-flex e-con e-child\" data-id=\"5f87789\" data-element_type=\"container\">\n\t\t\t\t<div class=\"elementor-element elementor-element-74da2ec elementor-hidden-mobile elementor-widget-divider--view-line elementor-widget elementor-widget-divider\" data-id=\"74da2ec\" data-element_type=\"widget\" data-widget_type=\"divider.default\">\n\t\t\t\t<div class=\"elementor-widget-container\">\n\t\t\t\t\t\t\t<div class=\"elementor-divider\">\n\t\t\t<span class=\"elementor-divider-separator\">\n\t\t\t\t\t\t<\/span>\n\t\t<\/div>\n\t\t\t\t\t\t<\/div>\n\t\t\t\t<\/div>\n\t\t\t\t<div class=\"elementor-element elementor-element-7a3b7ca elementor-widget elementor-widget-heading\" data-id=\"7a3b7ca\" data-element_type=\"widget\" data-widget_type=\"heading.default\">\n\t\t\t\t<div class=\"elementor-widget-container\">\n\t\t\t\t\t<h2 class=\"elementor-heading-title elementor-size-default\">Emplois<\/h2>\t\t\t\t<\/div>\n\t\t\t\t<\/div>\n\t\t\t\t<div class=\"elementor-element elementor-element-37fb4e7 elementor-hidden-mobile elementor-widget-divider--view-line elementor-widget elementor-widget-divider\" data-id=\"37fb4e7\" data-element_type=\"widget\" data-widget_type=\"divider.default\">\n\t\t\t\t<div class=\"elementor-widget-container\">\n\t\t\t\t\t\t\t<div class=\"elementor-divider\">\n\t\t\t<span class=\"elementor-divider-separator\">\n\t\t\t\t\t\t<\/span>\n\t\t<\/div>\n\t\t\t\t\t\t<\/div>\n\t\t\t\t<\/div>\n\t\t\t\t<\/div>\n\t\t\t\t<\/div>\n\t\t<div class=\"elementor-element elementor-element-37863e3 e-con-full e-flex e-con e-child\" data-id=\"37863e3\" data-element_type=\"container\">\n\t\t<div class=\"elementor-element elementor-element-d5738c4 e-con-full e-flex e-con e-child\" data-id=\"d5738c4\" data-element_type=\"container\">\n\t\t\t\t<div class=\"elementor-element elementor-element-007dc7c elementor-widget elementor-widget-heading\" data-id=\"007dc7c\" data-element_type=\"widget\" data-widget_type=\"heading.default\">\n\t\t\t\t<div class=\"elementor-widget-container\">\n\t\t\t\t\t<h2 class=\"elementor-heading-title elementor-size-default\">Nous recherchons\n\n\n\n\n\n<\/h2>\t\t\t\t<\/div>\n\t\t\t\t<\/div>\n\t\t\t\t<\/div>\n\t\t\t\t<\/div>\n\t\t<div class=\"elementor-element elementor-element-94d8e03 e-con-full e-flex e-con e-child\" data-id=\"94d8e03\" data-element_type=\"container\">\n\t\t<div class=\"elementor-element elementor-element-4b4a1a6 e-flex e-con-boxed e-con e-child\" data-id=\"4b4a1a6\" data-element_type=\"container\">\n\t\t\t\t\t<div class=\"e-con-inner\">\n\t\t\t\t<div class=\"elementor-element elementor-element-85344ef elementor-mobile-align-justify elementor-widget elementor-widget-button\" data-id=\"85344ef\" data-element_type=\"widget\" data-widget_type=\"button.default\">\n\t\t\t\t<div class=\"elementor-widget-container\">\n\t\t\t\t\t\t\t\t\t<div class=\"elementor-button-wrapper\">\n\t\t\t\t\t<a class=\"elementor-button elementor-button-link elementor-size-sm\" href=\"https:\/\/akgroup.be\/fr\/electricien\/\">\n\t\t\t\t\t\t<span class=\"elementor-button-content-wrapper\">\n\t\t\t\t\t\t\t\t\t<span class=\"elementor-button-text\">\u00c9lectricien <\/span>\n\t\t\t\t\t<\/span>\n\t\t\t\t\t<\/a>\n\t\t\t\t<\/div>\n\t\t\t\t\t\t\t\t<\/div>\n\t\t\t\t<\/div>\n\t\t\t\t<div class=\"elementor-element elementor-element-8867cf7 elementor-mobile-align-justify elementor-widget elementor-widget-button\" data-id=\"8867cf7\" data-element_type=\"widget\" data-widget_type=\"button.default\">\n\t\t\t\t<div class=\"elementor-widget-container\">\n\t\t\t\t\t\t\t\t\t<div class=\"elementor-button-wrapper\">\n\t\t\t\t\t<a class=\"elementor-button elementor-button-link elementor-size-sm\" href=\"https:\/\/akgroup.be\/fr\/installateur-de-batteries\/\">\n\t\t\t\t\t\t<span class=\"elementor-button-content-wrapper\">\n\t\t\t\t\t\t\t\t\t<span class=\"elementor-button-text\">Installateur de batteries<\/span>\n\t\t\t\t\t<\/span>\n\t\t\t\t\t<\/a>\n\t\t\t\t<\/div>\n\t\t\t\t\t\t\t\t<\/div>\n\t\t\t\t<\/div>\n\t\t\t\t<div class=\"elementor-element elementor-element-f20c270 elementor-widget elementor-widget-button\" data-id=\"f20c270\" data-element_type=\"widget\" data-widget_type=\"button.default\">\n\t\t\t\t<div class=\"elementor-widget-container\">\n\t\t\t\t\t\t\t\t\t<div class=\"elementor-button-wrapper\">\n\t\t\t\t\t<a class=\"elementor-button elementor-button-link elementor-size-sm\" href=\"https:\/\/akgroup.be\/solar-panel-installer\/\">\n\t\t\t\t\t\t<span class=\"elementor-button-content-wrapper\">\n\t\t\t\t\t\t\t\t\t<span class=\"elementor-button-text\">Installateur de panneaux solaires<\/span>\n\t\t\t\t\t<\/span>\n\t\t\t\t\t<\/a>\n\t\t\t\t<\/div>\n\t\t\t\t\t\t\t\t<\/div>\n\t\t\t\t<\/div>\n\t\t\t\t\t<\/div>\n\t\t\t\t<\/div>\n\t\t\t\t<\/div>\n\t\t<div class=\"elementor-element elementor-element-fac8fa1 e-con-full e-flex e-con e-child\" data-id=\"fac8fa1\" data-element_type=\"container\">\n\t\t<div class=\"elementor-element elementor-element-3d47ecd e-con-full e-flex e-con e-child\" data-id=\"3d47ecd\" data-element_type=\"container\" data-settings=\"{&quot;background_background&quot;:&quot;classic&quot;}\">\n\t\t<div class=\"elementor-element elementor-element-85ef828 e-con-full e-flex e-con e-child\" data-id=\"85ef828\" data-element_type=\"container\">\n\t\t\t\t<div class=\"elementor-element elementor-element-3eb06b0 elementor-widget elementor-widget-heading\" data-id=\"3eb06b0\" data-element_type=\"widget\" data-widget_type=\"heading.default\">\n\t\t\t\t<div class=\"elementor-widget-container\">\n\t\t\t\t\t<h2 class=\"elementor-heading-title elementor-size-default\">Ensemble, nous alimentons vos possibilit\u00e9s.<\/h2>\t\t\t\t<\/div>\n\t\t\t\t<\/div>\n\t\t\t\t<div class=\"elementor-element elementor-element-59591dc elementor-widget elementor-widget-text-editor\" data-id=\"59591dc\" data-element_type=\"widget\" data-widget_type=\"text-editor.default\">\n\t\t\t\t<div class=\"elementor-widget-container\">\n\t\t\t\t\t\t\t\t\t<p>Chez AK Group, nous croyons que notre succ\u00e8s est port\u00e9 par notre \u00e9quipe talentueuse et d\u00e9vou\u00e9e. En tant qu&rsquo;entreprise \u00e9lectrique de premier plan, nous nous engageons \u00e0 fournir des solutions innovantes et un service exceptionnel \u00e0 nos clients. Nous sommes toujours \u00e0 la recherche de personnes passionn\u00e9es, d\u00e9sireuses de contribuer \u00e0 notre mission de cr\u00e9er un avenir durable et efficace.  <\/p>\t\t\t\t\t\t\t\t<\/div>\n\t\t\t\t<\/div>\n\t\t\t\t<\/div>\n\t\t<div class=\"elementor-element elementor-element-b2f4d19 e-con-full e-flex e-con e-child\" data-id=\"b2f4d19\" data-element_type=\"container\">\n\t\t\t\t<div class=\"elementor-element elementor-element-b306733 elementor-widget elementor-widget-heading\" data-id=\"b306733\" data-element_type=\"widget\" data-widget_type=\"heading.default\">\n\t\t\t\t<div class=\"elementor-widget-container\">\n\t\t\t\t\t<h2 class=\"elementor-heading-title elementor-size-default\">\u00cates-vous pr\u00eat \u00e0 relever le d\u00e9fi ?\n<\/h2>\t\t\t\t<\/div>\n\t\t\t\t<\/div>\n\t\t\t\t<div class=\"elementor-element elementor-element-df452db elementor-widget elementor-widget-text-editor\" data-id=\"df452db\" data-element_type=\"widget\" data-widget_type=\"text-editor.default\">\n\t\t\t\t<div class=\"elementor-widget-container\">\n\t\t\t\t\t\t\t\t\t<p>Vous \u00eates enthousiaste \u00e0 l&rsquo;id\u00e9e de faire partie d&rsquo;une \u00e9quipe formidable, jeune et dynamique. Vous aimez les d\u00e9fis et voulez \u00eatre mis \u00e0 l&rsquo;\u00e9preuve. Vous \u00eates organis\u00e9 et vous comprenez l&rsquo;importance de la communication, tant en interne qu&rsquo;en externe. Vous souhaitez rejoindre une entreprise ayant des connexions dans le monde entier.   <\/p><p>Rejoignez-nous chez AK Group et faites partie d&rsquo;une \u00e9quipe dynamique qui fa\u00e7onne l&rsquo;avenir des solutions \u00e9lectriques. Si vous \u00eates pr\u00eat \u00e0 relever des projets passionnants, \u00e0 apporter vos comp\u00e9tences et \u00e0 vous \u00e9panouir dans un environnement collaboratif, nous voulons vous entendre. Cr\u00e9ons ensemble des solutions innovantes et durables !  <\/p>\t\t\t\t\t\t\t\t<\/div>\n\t\t\t\t<\/div>\n\t\t\t\t<\/div>\n\t\t<div class=\"elementor-element elementor-element-da5177a e-con-full e-flex e-con e-child\" data-id=\"da5177a\" data-element_type=\"container\">\n\t\t\t\t<div class=\"elementor-element elementor-element-f15be4d elementor-widget elementor-widget-text-editor\" data-id=\"f15be4d\" data-element_type=\"widget\" data-widget_type=\"text-editor.default\">\n\t\t\t\t<div class=\"elementor-widget-container\">\n\t\t\t\t\t\t\t\t\t<p>Vous \u00eates enthousiaste \u00e0 l&rsquo;id\u00e9e de faire partie d&rsquo;une \u00e9quipe formidable, jeune et dynamique. Vous aimez les d\u00e9fis et voulez \u00eatre mis \u00e0 l&rsquo;\u00e9preuve. Vous \u00eates organis\u00e9 et vous comprenez l&rsquo;importance de la communication, tant en interne qu&rsquo;en externe. Vous souhaitez rejoindre une entreprise ayant des connexions dans le monde entier.   <\/p><p>Rejoignez-nous chez AK Group et faites partie d&rsquo;une \u00e9quipe dynamique qui fa\u00e7onne l&rsquo;avenir des solutions \u00e9lectriques. Si vous \u00eates pr\u00eat \u00e0 relever des projets passionnants, \u00e0 apporter vos comp\u00e9tences et \u00e0 vous \u00e9panouir dans un environnement collaboratif, nous voulons vous entendre. Cr\u00e9ons ensemble des solutions innovantes et durables !  <\/p>\t\t\t\t\t\t\t\t<\/div>\n\t\t\t\t<\/div>\n\t\t\t\t<\/div>\n\t\t\t\t<div class=\"elementor-element elementor-element-80678d0 elementor-widget elementor-widget-button\" data-id=\"80678d0\" data-element_type=\"widget\" data-widget_type=\"button.default\">\n\t\t\t\t<div class=\"elementor-widget-container\">\n\t\t\t\t\t\t\t\t\t<div class=\"elementor-button-wrapper\">\n\t\t\t\t\t<a class=\"elementor-button elementor-button-link elementor-size-sm\" href=\"https:\/\/akgroup.be\/application\/\">\n\t\t\t\t\t\t<span class=\"elementor-button-content-wrapper\">\n\t\t\t\t\t\t\t\t\t<span class=\"elementor-button-text\">Postulez ici<\/span>\n\t\t\t\t\t<\/span>\n\t\t\t\t\t<\/a>\n\t\t\t\t<\/div>\n\t\t\t\t\t\t\t\t<\/div>\n\t\t\t\t<\/div>\n\t\t\t\t<\/div>\n\t\t\t\t<\/div>\n\t\t<div class=\"elementor-element elementor-element-c62c609 e-con-full e-flex e-con e-child\" data-id=\"c62c609\" data-element_type=\"container\" data-settings=\"{&quot;background_background&quot;:&quot;classic&quot;}\">\n\t\t<div class=\"elementor-element elementor-element-c4c9a14 e-flex e-con-boxed e-con e-child\" data-id=\"c4c9a14\" data-element_type=\"container\">\n\t\t\t\t\t<div class=\"e-con-inner\">\n\t\t\t\t\t<\/div>\n\t\t\t\t<\/div>\n\t\t\t\t<\/div>\n\t\t\t\t<\/div>\n\t\t","protected":false},"excerpt":{"rendered":"<p>Emplois Nous recherchons \u00c9lectricien Installateur de batteries Installateur de panneaux solaires Ensemble, nous alimentons vos possibilit\u00e9s. Chez AK Group, nous [&hellip;]<\/p>\n","protected":false},"author":1,"featured_media":0,"parent":0,"menu_order":0,"comment_status":"closed","ping_status":"closed","template":"","meta":{"om_disable_all_campaigns":false,"inline_featured_image":false,"_uag_custom_page_level_css":"","_monsterinsights_skip_tracking":false,"_monsterinsights_sitenote_active":false,"_monsterinsights_sitenote_note":"","_monsterinsights_sitenote_category":0,"site-sidebar-layout":"no-sidebar","site-content-layout":"","ast-site-content-layout":"full-width-container","site-content-style":"default","site-sidebar-style":"default","ast-global-header-display":"","ast-banner-title-visibility":"","ast-main-header-display":"","ast-hfb-above-header-display":"","ast-hfb-below-header-display":"","ast-hfb-mobile-header-display":"","site-post-title":"disabled","ast-breadcrumbs-content":"","ast-featured-img":"disabled","footer-sml-layout":"","theme-transparent-header-meta":"","adv-header-id-meta":"","stick-header-meta":"","header-above-stick-meta":"","header-main-stick-meta":"","header-below-stick-meta":"","astra-migrate-meta-layouts":"default","ast-page-background-enabled":"default","ast-page-background-meta":{"desktop":{"background-color":"var(--ast-global-color-4)","background-image":"","background-repeat":"repeat","background-position":"center center","background-size":"auto","background-attachment":"scroll","background-type":"","background-media":"","overlay-type":"","overlay-color":"","overlay-opacity":"","overlay-gradient":""},"tablet":{"background-color":"","background-image":"","background-repeat":"repeat","background-position":"center center","background-size":"auto","background-attachment":"scroll","background-type":"","background-media":"","overlay-type":"","overlay-color":"","overlay-opacity":"","overlay-gradient":""},"mobile":{"background-color":"","background-image":"","background-repeat":"repeat","background-position":"center center","background-size":"auto","background-attachment":"scroll","background-type":"","background-media":"","overlay-type":"","overlay-color":"","overlay-opacity":"","overlay-gradient":""}},"ast-content-background-meta":{"desktop":{"background-color":"var(--ast-global-color-5)","background-image":"","background-repeat":"repeat","background-position":"center center","background-size":"auto","background-attachment":"scroll","background-type":"","background-media":"","overlay-type":"","overlay-color":"","overlay-opacity":"","overlay-gradient":""},"tablet":{"background-color":"var(--ast-global-color-5)","background-image":"","background-repeat":"repeat","background-position":"center center","background-size":"auto","background-attachment":"scroll","background-type":"","background-media":"","overlay-type":"","overlay-color":"","overlay-opacity":"","overlay-gradient":""},"mobile":{"background-color":"var(--ast-global-color-5)","background-image":"","background-repeat":"repeat","background-position":"center center","background-size":"auto","background-attachment":"scroll","background-type":"","background-media":"","overlay-type":"","overlay-color":"","overlay-opacity":"","overlay-gradient":""}},"footnotes":""},"class_list":["post-2444","page","type-page","status-publish","hentry"],"yoast_head":"<!-- This site is optimized with the Yoast SEO Premium plugin v25.6 (Yoast SEO v25.6) - https:\/\/yoast.com\/wordpress\/plugins\/seo\/ -->\n<title>Emplois - AK ENERGY<\/title>\n<meta name=\"robots\" content=\"index, follow, max-snippet:-1, max-image-preview:large, max-video-preview:-1\" \/>\n<link rel=\"canonical\" href=\"https:\/\/akgroup.be\/fr\/emplois\/\" \/>\n<meta property=\"og:locale\" content=\"fr_FR\" \/>\n<meta property=\"og:type\" content=\"article\" \/>\n<meta property=\"og:title\" content=\"Emplois\" \/>\n<meta property=\"og:description\" content=\"Emplois Nous recherchons \u00c9lectricien Installateur de batteries Installateur de panneaux solaires Ensemble, nous alimentons vos possibilit\u00e9s. Chez AK Group, nous [&hellip;]\" \/>\n<meta property=\"og:url\" content=\"https:\/\/akgroup.be\/fr\/emplois\/\" \/>\n<meta property=\"og:site_name\" content=\"AK ENERGY\" \/>\n<meta property=\"article:publisher\" content=\"https:\/\/www.facebook.com\/people\/AK-GROUP\/61564480980606\/\" \/>\n<meta property=\"article:modified_time\" content=\"2025-08-08T12:18:07+00:00\" \/>\n<meta name=\"twitter:card\" content=\"summary_large_image\" \/>\n<meta name=\"twitter:label1\" content=\"Dur\u00e9e de lecture estim\u00e9e\" \/>\n\t<meta name=\"twitter:data1\" content=\"1 minute\" \/>\n<script type=\"application\/ld+json\" class=\"yoast-schema-graph\">{\"@context\":\"https:\/\/schema.org\",\"@graph\":[{\"@type\":\"WebPage\",\"@id\":\"https:\/\/akgroup.be\/fr\/emplois\/\",\"url\":\"https:\/\/akgroup.be\/fr\/emplois\/\",\"name\":\"Emplois - AK ENERGY\",\"isPartOf\":{\"@id\":\"https:\/\/akgroup.be\/fr\/#website\"},\"datePublished\":\"2025-08-04T16:56:23+00:00\",\"dateModified\":\"2025-08-08T12:18:07+00:00\",\"breadcrumb\":{\"@id\":\"https:\/\/akgroup.be\/fr\/emplois\/#breadcrumb\"},\"inLanguage\":\"fr-FR\",\"potentialAction\":[{\"@type\":\"ReadAction\",\"target\":[\"https:\/\/akgroup.be\/fr\/emplois\/\"]}]},{\"@type\":\"BreadcrumbList\",\"@id\":\"https:\/\/akgroup.be\/fr\/emplois\/#breadcrumb\",\"itemListElement\":[{\"@type\":\"ListItem\",\"position\":1,\"name\":\"Home\",\"item\":\"https:\/\/akgroup.be\/fr\/\"},{\"@type\":\"ListItem\",\"position\":2,\"name\":\"Emplois\"}]},{\"@type\":\"WebSite\",\"@id\":\"https:\/\/akgroup.be\/fr\/#website\",\"url\":\"https:\/\/akgroup.be\/fr\/\",\"name\":\"AK group\",\"description\":\"Innovative electrical systems\",\"publisher\":{\"@id\":\"https:\/\/akgroup.be\/fr\/#organization\"},\"potentialAction\":[{\"@type\":\"SearchAction\",\"target\":{\"@type\":\"EntryPoint\",\"urlTemplate\":\"https:\/\/akgroup.be\/fr\/?s={search_term_string}\"},\"query-input\":{\"@type\":\"PropertyValueSpecification\",\"valueRequired\":true,\"valueName\":\"search_term_string\"}}],\"inLanguage\":\"fr-FR\"},{\"@type\":\"Organization\",\"@id\":\"https:\/\/akgroup.be\/fr\/#organization\",\"name\":\"AK group\",\"url\":\"https:\/\/akgroup.be\/fr\/\",\"logo\":{\"@type\":\"ImageObject\",\"inLanguage\":\"fr-FR\",\"@id\":\"https:\/\/akgroup.be\/fr\/#\/schema\/logo\/image\/\",\"url\":\"https:\/\/akgroup.be\/wp-content\/uploads\/2024\/09\/Logo-ak-energy-2025.png\",\"contentUrl\":\"https:\/\/akgroup.be\/wp-content\/uploads\/2024\/09\/Logo-ak-energy-2025.png\",\"width\":500,\"height\":500,\"caption\":\"AK group\"},\"image\":{\"@id\":\"https:\/\/akgroup.be\/fr\/#\/schema\/logo\/image\/\"},\"sameAs\":[\"https:\/\/www.facebook.com\/people\/AK-GROUP\/61564480980606\/\",\"https:\/\/www.instagram.com\/infoakgroup\/?igsh=bG51czJ3a29wcGM4#\"]}]}<\/script>\n<!-- \/ Yoast SEO Premium plugin. -->","yoast_head_json":{"title":"Emplois - AK ENERGY","robots":{"index":"index","follow":"follow","max-snippet":"max-snippet:-1","max-image-preview":"max-image-preview:large","max-video-preview":"max-video-preview:-1"},"canonical":"https:\/\/akgroup.be\/fr\/emplois\/","og_locale":"fr_FR","og_type":"article","og_title":"Emplois","og_description":"Emplois Nous recherchons \u00c9lectricien Installateur de batteries Installateur de panneaux solaires Ensemble, nous alimentons vos possibilit\u00e9s. Chez AK Group, nous [&hellip;]","og_url":"https:\/\/akgroup.be\/fr\/emplois\/","og_site_name":"AK ENERGY","article_publisher":"https:\/\/www.facebook.com\/people\/AK-GROUP\/61564480980606\/","article_modified_time":"2025-08-08T12:18:07+00:00","twitter_card":"summary_large_image","twitter_misc":{"Dur\u00e9e de lecture estim\u00e9e":"1 minute"},"schema":{"@context":"https:\/\/schema.org","@graph":[{"@type":"WebPage","@id":"https:\/\/akgroup.be\/fr\/emplois\/","url":"https:\/\/akgroup.be\/fr\/emplois\/","name":"Emplois - AK ENERGY","isPartOf":{"@id":"https:\/\/akgroup.be\/fr\/#website"},"datePublished":"2025-08-04T16:56:23+00:00","dateModified":"2025-08-08T12:18:07+00:00","breadcrumb":{"@id":"https:\/\/akgroup.be\/fr\/emplois\/#breadcrumb"},"inLanguage":"fr-FR","potentialAction":[{"@type":"ReadAction","target":["https:\/\/akgroup.be\/fr\/emplois\/"]}]},{"@type":"BreadcrumbList","@id":"https:\/\/akgroup.be\/fr\/emplois\/#breadcrumb","itemListElement":[{"@type":"ListItem","position":1,"name":"Home","item":"https:\/\/akgroup.be\/fr\/"},{"@type":"ListItem","position":2,"name":"Emplois"}]},{"@type":"WebSite","@id":"https:\/\/akgroup.be\/fr\/#website","url":"https:\/\/akgroup.be\/fr\/","name":"AK group","description":"Innovative electrical systems","publisher":{"@id":"https:\/\/akgroup.be\/fr\/#organization"},"potentialAction":[{"@type":"SearchAction","target":{"@type":"EntryPoint","urlTemplate":"https:\/\/akgroup.be\/fr\/?s={search_term_string}"},"query-input":{"@type":"PropertyValueSpecification","valueRequired":true,"valueName":"search_term_string"}}],"inLanguage":"fr-FR"},{"@type":"Organization","@id":"https:\/\/akgroup.be\/fr\/#organization","name":"AK group","url":"https:\/\/akgroup.be\/fr\/","logo":{"@type":"ImageObject","inLanguage":"fr-FR","@id":"https:\/\/akgroup.be\/fr\/#\/schema\/logo\/image\/","url":"https:\/\/akgroup.be\/wp-content\/uploads\/2024\/09\/Logo-ak-energy-2025.png","contentUrl":"https:\/\/akgroup.be\/wp-content\/uploads\/2024\/09\/Logo-ak-energy-2025.png","width":500,"height":500,"caption":"AK group"},"image":{"@id":"https:\/\/akgroup.be\/fr\/#\/schema\/logo\/image\/"},"sameAs":["https:\/\/www.facebook.com\/people\/AK-GROUP\/61564480980606\/","https:\/\/www.instagram.com\/infoakgroup\/?igsh=bG51czJ3a29wcGM4#"]}]}},"uagb_featured_image_src":{"full":false,"thumbnail":false,"medium":false,"medium_large":false,"large":false,"1536x1536":false,"2048x2048":false},"uagb_author_info":{"display_name":"jousri.ak@gmail.com","author_link":"https:\/\/akgroup.be\/fr\/author\/jousri-akgmail-com\/"},"uagb_comment_info":0,"uagb_excerpt":"Emplois Nous recherchons \u00c9lectricien Installateur de batteries Installateur de panneaux solaires Ensemble, nous alimentons vos possibilit\u00e9s. Chez AK Group, nous [&hellip;]","_links":{"self":[{"href":"https:\/\/akgroup.be\/fr\/wp-json\/wp\/v2\/pages\/2444","targetHints":{"allow":["GET"]}}],"collection":[{"href":"https:\/\/akgroup.be\/fr\/wp-json\/wp\/v2\/pages"}],"about":[{"href":"https:\/\/akgroup.be\/fr\/wp-json\/wp\/v2\/types\/page"}],"author":[{"embeddable":true,"href":"https:\/\/akgroup.be\/fr\/wp-json\/wp\/v2\/users\/1"}],"replies":[{"embeddable":true,"href":"https:\/\/akgroup.be\/fr\/wp-json\/wp\/v2\/comments?post=2444"}],"version-history":[{"count":1,"href":"https:\/\/akgroup.be\/fr\/wp-json\/wp\/v2\/pages\/2444\/revisions"}],"predecessor-version":[{"id":2446,"href":"https:\/\/akgroup.be\/fr\/wp-json\/wp\/v2\/pages\/2444\/revisions\/2446"}],"wp:attachment":[{"href":"https:\/\/akgroup.be\/fr\/wp-json\/wp\/v2\/media?parent=2444"}],"curies":[{"name":"wp","href":"https:\/\/api.w.org\/{rel}","templated":true}]}}